{"id":863,"date":"2024-10-21T15:05:28","date_gmt":"2024-10-21T18:05:28","guid":{"rendered":"https:\/\/5dd9515af5590d43a6e351276ccc8cd3.tipyenaccion.net\/?page_id=863"},"modified":"2024-11-06T14:41:56","modified_gmt":"2024-11-06T17:41:56","slug":"mural","status":"publish","type":"page","link":"https:\/\/techlab2024.tipyenaccion.net\/?page_id=863","title":{"rendered":"Mural"},"content":{"rendered":"\t\t<div data-elementor-type=\"wp-page\" data-elementor-id=\"863\" class=\"elementor elementor-863\">\n\t\t\t\t<div class=\"elementor-element elementor-element-d3e644f e-flex e-con-boxed e-con e-parent\" data-id=\"d3e644f\" data-element_type=\"container\">\n\t\t\t\t\t<div class=\"e-con-inner\">\n\t\t<div class=\"elementor-element elementor-element-20e452c e-con-full e-flex e-con e-child\" data-id=\"20e452c\" data-element_type=\"container\">\n\t\t\t\t<div class=\"elementor-element elementor-element-ab07863 elementor-position-top elementor-widget elementor-widget-image-box\" data-id=\"ab07863\" data-element_type=\"widget\" data-widget_type=\"image-box.default\">\n\t\t\t\t<div class=\"elementor-widget-container\">\n\t\t\t<div class=\"elementor-image-box-wrapper\"><figure class=\"elementor-image-box-img\"><img fetchpriority=\"high\" decoding=\"async\" width=\"1920\" height=\"1442\" src=\"https:\/\/techlab2024.tipyenaccion.net\/wp-content\/uploads\/2024\/10\/PXL_20241006_143113108.MP-min-scaled.webp\" class=\"attachment-full size-full wp-image-815\" alt=\"\" srcset=\"https:\/\/techlab2024.tipyenaccion.net\/wp-content\/uploads\/2024\/10\/PXL_20241006_143113108.MP-min-scaled.webp 1920w, https:\/\/techlab2024.tipyenaccion.net\/wp-content\/uploads\/2024\/10\/PXL_20241006_143113108.MP-min-300x225.webp 300w, https:\/\/techlab2024.tipyenaccion.net\/wp-content\/uploads\/2024\/10\/PXL_20241006_143113108.MP-min-1024x769.webp 1024w, https:\/\/techlab2024.tipyenaccion.net\/wp-content\/uploads\/2024\/10\/PXL_20241006_143113108.MP-min-768x577.webp 768w\" sizes=\"(max-width: 1920px) 100vw, 1920px\" \/><\/figure><div class=\"elementor-image-box-content\"><h3 class=\"elementor-image-box-title\"><span style=\"font-size: 32.4px;\">Los mundos<\/span><\/h3><p class=\"elementor-image-box-description\">Mural en Casa Blanca - Paysand\u00fa - Uruguay. 2024.\nEn el marco del fin de semana del Patrimonio, la Escuela N\u00ba 21 de Casa Blanca llev\u00f3 adelante la restauraci\u00f3n del mural que ocupa la fachada de su edificio.\n<br>Desde el a\u00f1o 2013 el mural \u201cEl mundo\u201d da color y alegr\u00eda, convirti\u00e9ndose en Patrimonio de la Escuela. A 11 a\u00f1os de su creaci\u00f3n fue posible coordinar el regreso del artista Dami\u00e1n Ibarguren .\n<br> \u201cOnce a\u00f1os despu\u00e9s lo voy a restaurar y darle nuevo vuelo. Yo no soy el mismo, mi pintura tampoco\u201d, se\u00f1al\u00f3.\nDe ese modo fue que este mural pas\u00f3 a representar hoy \u201cLos mundos\u201d, cobrando nuevas im\u00e1genes, colores, sensaciones y personajes que captan la atenci\u00f3n de toda persona que se detenga un minuto a contemplar sus detalles.\n<br>\"Esta vez tuve tres d\u00edas para poder desarrollar la idea original. El concepto es que esa escuela y sus maestras son las que les abren las puertas para todos los mundos posibles a donde van a llegar esos chiquilines. En general mis murales son para mirarlos con tiempo y vivirlos cada vez que se pasa por ellos. Con los a\u00f1os  se van descubriendo cosas nuevas. Cada uno ir\u00e1 descubriendo sus propios mundos.\"<br><br>El mural se realiz\u00f3 en el marco de las actividades del programa TechLab, a cargo de la carrera Tecn\u00f3logo en Inform\u00e1tica, formaci\u00f3n compartida entre UTEC, Udelar y UTU) , que cuenta con el apoyo y financiamiento de la Fundaci\u00f3n ReachingU. La artista pl\u00e1stica Noelia Ledesma lider\u00f3 la gesti\u00f3n del proyecto, contando adem\u00e1s con el respaldo de la Direcci\u00f3n de la escuela y del Frigor\u00edfico Casa Blanca.<br><\/p><\/div><\/div>\t\t<\/div>\n\t\t\t\t<\/div>\n\t\t\t\t<\/div>\n\t\t\t\t\t<\/div>\n\t\t\t\t<\/div>\n\t\t<div class=\"elementor-element elementor-element-9a588ca e-flex e-con-boxed e-con e-parent\" data-id=\"9a588ca\" data-element_type=\"container\">\n\t\t\t\t\t<div class=\"e-con-inner\">\n\t\t\t\t<div class=\"elementor-element elementor-element-8becedf elementor-widget elementor-widget-heading\" data-id=\"8becedf\" data-element_type=\"widget\" data-widget_type=\"heading.default\">\n\t\t\t\t<div class=\"elementor-widget-container\">\n\t\t\t<h2 class=\"elementor-heading-title elementor-size-default\">Informaci\u00f3n del artista<\/h2>\t\t<\/div>\n\t\t\t\t<\/div>\n\t\t<div class=\"elementor-element elementor-element-d12926d e-con-full e-flex e-con e-child\" data-id=\"d12926d\" data-element_type=\"container\">\n\t\t\t\t<div class=\"elementor-element elementor-element-fb6a37c elementor-widget elementor-widget-text-editor\" data-id=\"fb6a37c\" data-element_type=\"widget\" data-widget_type=\"text-editor.default\">\n\t\t\t\t<div class=\"elementor-widget-container\">\n\t\t\t\t\t\t\t<h2 id=\"firstHeading\" class=\"firstHeading mw-first-heading\" style=\"text-align: center;\"><span class=\"mw-page-title-main\">Dami\u00e1n Ibarguren Gauthier<\/span><\/h2><p style=\"text-align: center;\">Artista pl\u00e1stico uruguayo, pintor y muralista.<\/p>\t\t\t\t\t\t<\/div>\n\t\t\t\t<\/div>\n\t\t\t\t<\/div>\n\t\t<div class=\"elementor-element elementor-element-48c9a9a e-con-full e-flex e-con e-child\" data-id=\"48c9a9a\" data-element_type=\"container\">\n\t\t<div class=\"elementor-element elementor-element-a15735f e-con-full e-flex e-con e-child\" data-id=\"a15735f\" data-element_type=\"container\">\n\t\t\t\t<div class=\"elementor-element elementor-element-6082db1 elementor-button-info elementor-align-center elementor-widget elementor-widget-button\" data-id=\"6082db1\" data-element_type=\"widget\" data-widget_type=\"button.default\">\n\t\t\t\t<div class=\"elementor-widget-container\">\n\t\t\t\t\t<div class=\"elementor-button-wrapper\">\n\t\t\t<a class=\"elementor-button elementor-button-link elementor-size-sm\" href=\"https:\/\/es.wikipedia.org\/wiki\/Dami%C3%A1n_Ibarguren_Gauthier\">\n\t\t\t\t\t\t<span class=\"elementor-button-content-wrapper\">\n\t\t\t\t\t\t<span class=\"elementor-button-icon\">\n\t\t\t\t<svg aria-hidden=\"true\" class=\"e-font-icon-svg e-fab-wikipedia-w\" viewBox=\"0 0 640 512\" xmlns=\"http:\/\/www.w3.org\/2000\/svg\"><path d=\"M640 51.2l-.3 12.2c-28.1.8-45 15.8-55.8 40.3-25 57.8-103.3 240-155.3 358.6H415l-81.9-193.1c-32.5 63.6-68.3 130-99.2 193.1-.3.3-15 0-15-.3C172 352.3 122.8 243.4 75.8 133.4 64.4 106.7 26.4 63.4.2 63.7c0-3.1-.3-10-.3-14.2h161.9v13.9c-19.2 1.1-52.8 13.3-43.3 34.2 21.9 49.7 103.6 240.3 125.6 288.6 15-29.7 57.8-109.2 75.3-142.8-13.9-28.3-58.6-133.9-72.8-160-9.7-17.8-36.1-19.4-55.8-19.7V49.8l142.5.3v13.1c-19.4.6-38.1 7.8-29.4 26.1 18.9 40 30.6 68.1 48.1 104.7 5.6-10.8 34.7-69.4 48.1-100.8 8.9-20.6-3.9-28.6-38.6-29.4.3-3.6 0-10.3.3-13.6 44.4-.3 111.1-.3 123.1-.6v13.6c-22.5.8-45.8 12.8-58.1 31.7l-59.2 122.8c6.4 16.1 63.3 142.8 69.2 156.7L559.2 91.8c-8.6-23.1-36.4-28.1-47.2-28.3V49.6l127.8 1.1.2.5z\"><\/path><\/svg>\t\t\t<\/span>\n\t\t\t\t\t\t\t\t\t<span class=\"elementor-button-text\">Wikipedia<\/span>\n\t\t\t\t\t<\/span>\n\t\t\t\t\t<\/a>\n\t\t<\/div>\n\t\t\t\t<\/div>\n\t\t\t\t<\/div>\n\t\t\t\t<div class=\"elementor-element elementor-element-b8df483 elementor-button-info elementor-align-center elementor-widget elementor-widget-button\" data-id=\"b8df483\" data-element_type=\"widget\" data-widget_type=\"button.default\">\n\t\t\t\t<div class=\"elementor-widget-container\">\n\t\t\t\t\t<div class=\"elementor-button-wrapper\">\n\t\t\t<a class=\"elementor-button elementor-button-link elementor-size-sm\" href=\"https:\/\/www.instagram.com\/damian.ibarguren\/?hl=es\">\n\t\t\t\t\t\t<span class=\"elementor-button-content-wrapper\">\n\t\t\t\t\t\t<span class=\"elementor-button-icon\">\n\t\t\t\t<svg aria-hidden=\"true\" class=\"e-font-icon-svg e-fab-instagram\" viewBox=\"0 0 448 512\" xmlns=\"http:\/\/www.w3.org\/2000\/svg\"><path d=\"M224.1 141c-63.6 0-114.9 51.3-114.9 114.9s51.3 114.9 114.9 114.9S339 319.5 339 255.9 287.7 141 224.1 141zm0 189.6c-41.1 0-74.7-33.5-74.7-74.7s33.5-74.7 74.7-74.7 74.7 33.5 74.7 74.7-33.6 74.7-74.7 74.7zm146.4-194.3c0 14.9-12 26.8-26.8 26.8-14.9 0-26.8-12-26.8-26.8s12-26.8 26.8-26.8 26.8 12 26.8 26.8zm76.1 27.2c-1.7-35.9-9.9-67.7-36.2-93.9-26.2-26.2-58-34.4-93.9-36.2-37-2.1-147.9-2.1-184.9 0-35.8 1.7-67.6 9.9-93.9 36.1s-34.4 58-36.2 93.9c-2.1 37-2.1 147.9 0 184.9 1.7 35.9 9.9 67.7 36.2 93.9s58 34.4 93.9 36.2c37 2.1 147.9 2.1 184.9 0 35.9-1.7 67.7-9.9 93.9-36.2 26.2-26.2 34.4-58 36.2-93.9 2.1-37 2.1-147.8 0-184.8zM398.8 388c-7.8 19.6-22.9 34.7-42.6 42.6-29.5 11.7-99.5 9-132.1 9s-102.7 2.6-132.1-9c-19.6-7.8-34.7-22.9-42.6-42.6-11.7-29.5-9-99.5-9-132.1s-2.6-102.7 9-132.1c7.8-19.6 22.9-34.7 42.6-42.6 29.5-11.7 99.5-9 132.1-9s102.7-2.6 132.1 9c19.6 7.8 34.7 22.9 42.6 42.6 11.7 29.5 9 99.5 9 132.1s2.7 102.7-9 132.1z\"><\/path><\/svg>\t\t\t<\/span>\n\t\t\t\t\t\t\t\t\t<span class=\"elementor-button-text\">Instagram<\/span>\n\t\t\t\t\t<\/span>\n\t\t\t\t\t<\/a>\n\t\t<\/div>\n\t\t\t\t<\/div>\n\t\t\t\t<\/div>\n\t\t\t\t<div class=\"elementor-element elementor-element-36714a9 elementor-button-info elementor-align-center elementor-widget elementor-widget-button\" data-id=\"36714a9\" data-element_type=\"widget\" data-widget_type=\"button.default\">\n\t\t\t\t<div class=\"elementor-widget-container\">\n\t\t\t\t\t<div class=\"elementor-button-wrapper\">\n\t\t\t<a class=\"elementor-button elementor-button-link elementor-size-sm\" href=\"https:\/\/linktr.ee\/damianibarguren\">\n\t\t\t\t\t\t<span class=\"elementor-button-content-wrapper\">\n\t\t\t\t\t\t<span class=\"elementor-button-icon\">\n\t\t\t\t<svg aria-hidden=\"true\" class=\"e-font-icon-svg e-fas-link\" viewBox=\"0 0 512 512\" xmlns=\"http:\/\/www.w3.org\/2000\/svg\"><path d=\"M326.612 185.391c59.747 59.809 58.927 155.698.36 214.59-.11.12-.24.25-.36.37l-67.2 67.2c-59.27 59.27-155.699 59.262-214.96 0-59.27-59.26-59.27-155.7 0-214.96l37.106-37.106c9.84-9.84 26.786-3.3 27.294 10.606.648 17.722 3.826 35.527 9.69 52.721 1.986 5.822.567 12.262-3.783 16.612l-13.087 13.087c-28.026 28.026-28.905 73.66-1.155 101.96 28.024 28.579 74.086 28.749 102.325.51l67.2-67.19c28.191-28.191 28.073-73.757 0-101.83-3.701-3.694-7.429-6.564-10.341-8.569a16.037 16.037 0 0 1-6.947-12.606c-.396-10.567 3.348-21.456 11.698-29.806l21.054-21.055c5.521-5.521 14.182-6.199 20.584-1.731a152.482 152.482 0 0 1 20.522 17.197zM467.547 44.449c-59.261-59.262-155.69-59.27-214.96 0l-67.2 67.2c-.12.12-.25.25-.36.37-58.566 58.892-59.387 154.781.36 214.59a152.454 152.454 0 0 0 20.521 17.196c6.402 4.468 15.064 3.789 20.584-1.731l21.054-21.055c8.35-8.35 12.094-19.239 11.698-29.806a16.037 16.037 0 0 0-6.947-12.606c-2.912-2.005-6.64-4.875-10.341-8.569-28.073-28.073-28.191-73.639 0-101.83l67.2-67.19c28.239-28.239 74.3-28.069 102.325.51 27.75 28.3 26.872 73.934-1.155 101.96l-13.087 13.087c-4.35 4.35-5.769 10.79-3.783 16.612 5.864 17.194 9.042 34.999 9.69 52.721.509 13.906 17.454 20.446 27.294 10.606l37.106-37.106c59.271-59.259 59.271-155.699.001-214.959z\"><\/path><\/svg>\t\t\t<\/span>\n\t\t\t\t\t\t\t\t\t<span class=\"elementor-button-text\">Web<\/span>\n\t\t\t\t\t<\/span>\n\t\t\t\t\t<\/a>\n\t\t<\/div>\n\t\t\t\t<\/div>\n\t\t\t\t<\/div>\n\t\t\t\t<\/div>\n\t\t\t\t<\/div>\n\t\t\t\t\t<\/div>\n\t\t\t\t<\/div>\n\t\t<div class=\"elementor-element elementor-element-54aaf01 e-flex e-con-boxed e-con e-parent\" data-id=\"54aaf01\" data-element_type=\"container\">\n\t\t\t\t\t<div class=\"e-con-inner\">\n\t\t\t\t<div class=\"elementor-element elementor-element-37d066f elementor-arrows-position-inside elementor-pagination-position-outside elementor-widget elementor-widget-image-carousel\" data-id=\"37d066f\" data-element_type=\"widget\" data-settings=\"{&quot;slides_to_scroll&quot;:&quot;3&quot;,&quot;navigation&quot;:&quot;both&quot;,&quot;autoplay&quot;:&quot;yes&quot;,&quot;pause_on_hover&quot;:&quot;yes&quot;,&quot;pause_on_interaction&quot;:&quot;yes&quot;,&quot;autoplay_speed&quot;:5000,&quot;infinite&quot;:&quot;yes&quot;,&quot;speed&quot;:500}\" data-widget_type=\"image-carousel.default\">\n\t\t\t\t<div class=\"elementor-widget-container\">\n\t\t\t\t\t<div class=\"elementor-image-carousel-wrapper swiper\" dir=\"ltr\">\n\t\t\t<div class=\"elementor-image-carousel swiper-wrapper\" aria-live=\"off\">\n\t\t\t\t\t\t\t\t<div class=\"swiper-slide\" role=\"group\" aria-roledescription=\"slide\" aria-label=\"1 de 6\"><a data-elementor-open-lightbox=\"yes\" data-elementor-lightbox-slideshow=\"37d066f\" data-elementor-lightbox-title=\"PXL_20241004_190041055.MP-min\" data-e-action-hash=\"#elementor-action%3Aaction%3Dlightbox%26settings%3DeyJpZCI6ODE5LCJ1cmwiOiJodHRwczpcL1wvdGVjaGxhYjIwMjQudGlweWVuYWNjaW9uLm5ldFwvd3AtY29udGVudFwvdXBsb2Fkc1wvMjAyNFwvMTBcL1BYTF8yMDI0MTAwNF8xOTAwNDEwNTUuTVAtbWluLXNjYWxlZC53ZWJwIiwic2xpZGVzaG93IjoiMzdkMDY2ZiJ9\" href=\"https:\/\/techlab2024.tipyenaccion.net\/wp-content\/uploads\/2024\/10\/PXL_20241004_190041055.MP-min-scaled.webp\"><figure class=\"swiper-slide-inner\"><img decoding=\"async\" class=\"swiper-slide-image\" src=\"https:\/\/techlab2024.tipyenaccion.net\/wp-content\/uploads\/2024\/10\/PXL_20241004_190041055.MP-min-768x577.webp\" alt=\"\" \/><\/figure><\/a><\/div><div class=\"swiper-slide\" role=\"group\" aria-roledescription=\"slide\" aria-label=\"2 de 6\"><a data-elementor-open-lightbox=\"yes\" data-elementor-lightbox-slideshow=\"37d066f\" data-elementor-lightbox-title=\"PXL_20241004_185904410-min\" data-e-action-hash=\"#elementor-action%3Aaction%3Dlightbox%26settings%3DeyJpZCI6ODE4LCJ1cmwiOiJodHRwczpcL1wvdGVjaGxhYjIwMjQudGlweWVuYWNjaW9uLm5ldFwvd3AtY29udGVudFwvdXBsb2Fkc1wvMjAyNFwvMTBcL1BYTF8yMDI0MTAwNF8xODU5MDQ0MTAtbWluLXNjYWxlZC53ZWJwIiwic2xpZGVzaG93IjoiMzdkMDY2ZiJ9\" href=\"https:\/\/techlab2024.tipyenaccion.net\/wp-content\/uploads\/2024\/10\/PXL_20241004_185904410-min-scaled.webp\"><figure class=\"swiper-slide-inner\"><img decoding=\"async\" class=\"swiper-slide-image\" src=\"https:\/\/techlab2024.tipyenaccion.net\/wp-content\/uploads\/2024\/10\/PXL_20241004_185904410-min-768x577.webp\" alt=\"\" \/><\/figure><\/a><\/div><div class=\"swiper-slide\" role=\"group\" aria-roledescription=\"slide\" aria-label=\"3 de 6\"><a data-elementor-open-lightbox=\"yes\" data-elementor-lightbox-slideshow=\"37d066f\" data-elementor-lightbox-title=\"PXL_20241006_153335570-min\" data-e-action-hash=\"#elementor-action%3Aaction%3Dlightbox%26settings%3DeyJpZCI6ODE3LCJ1cmwiOiJodHRwczpcL1wvdGVjaGxhYjIwMjQudGlweWVuYWNjaW9uLm5ldFwvd3AtY29udGVudFwvdXBsb2Fkc1wvMjAyNFwvMTBcL1BYTF8yMDI0MTAwNl8xNTMzMzU1NzAtbWluLXNjYWxlZC53ZWJwIiwic2xpZGVzaG93IjoiMzdkMDY2ZiJ9\" href=\"https:\/\/techlab2024.tipyenaccion.net\/wp-content\/uploads\/2024\/10\/PXL_20241006_153335570-min-scaled.webp\"><figure class=\"swiper-slide-inner\"><img decoding=\"async\" class=\"swiper-slide-image\" src=\"https:\/\/techlab2024.tipyenaccion.net\/wp-content\/uploads\/2024\/10\/PXL_20241006_153335570-min-768x577.webp\" alt=\"\" \/><\/figure><\/a><\/div><div class=\"swiper-slide\" role=\"group\" aria-roledescription=\"slide\" aria-label=\"4 de 6\"><a data-elementor-open-lightbox=\"yes\" data-elementor-lightbox-slideshow=\"37d066f\" data-elementor-lightbox-title=\"PXL_20241006_145145447-min\" data-e-action-hash=\"#elementor-action%3Aaction%3Dlightbox%26settings%3DeyJpZCI6ODE2LCJ1cmwiOiJodHRwczpcL1wvdGVjaGxhYjIwMjQudGlweWVuYWNjaW9uLm5ldFwvd3AtY29udGVudFwvdXBsb2Fkc1wvMjAyNFwvMTBcL1BYTF8yMDI0MTAwNl8xNDUxNDU0NDctbWluLXNjYWxlZC53ZWJwIiwic2xpZGVzaG93IjoiMzdkMDY2ZiJ9\" href=\"https:\/\/techlab2024.tipyenaccion.net\/wp-content\/uploads\/2024\/10\/PXL_20241006_145145447-min-scaled.webp\"><figure class=\"swiper-slide-inner\"><img decoding=\"async\" class=\"swiper-slide-image\" src=\"https:\/\/techlab2024.tipyenaccion.net\/wp-content\/uploads\/2024\/10\/PXL_20241006_145145447-min-768x577.webp\" alt=\"\" \/><\/figure><\/a><\/div><div class=\"swiper-slide\" role=\"group\" aria-roledescription=\"slide\" aria-label=\"5 de 6\"><a data-elementor-open-lightbox=\"yes\" data-elementor-lightbox-slideshow=\"37d066f\" data-elementor-lightbox-title=\"PXL_20241006_143113108.MP-min\" data-e-action-hash=\"#elementor-action%3Aaction%3Dlightbox%26settings%3DeyJpZCI6ODE1LCJ1cmwiOiJodHRwczpcL1wvdGVjaGxhYjIwMjQudGlweWVuYWNjaW9uLm5ldFwvd3AtY29udGVudFwvdXBsb2Fkc1wvMjAyNFwvMTBcL1BYTF8yMDI0MTAwNl8xNDMxMTMxMDguTVAtbWluLXNjYWxlZC53ZWJwIiwic2xpZGVzaG93IjoiMzdkMDY2ZiJ9\" href=\"https:\/\/techlab2024.tipyenaccion.net\/wp-content\/uploads\/2024\/10\/PXL_20241006_143113108.MP-min-scaled.webp\"><figure class=\"swiper-slide-inner\"><img decoding=\"async\" class=\"swiper-slide-image\" src=\"https:\/\/techlab2024.tipyenaccion.net\/wp-content\/uploads\/2024\/10\/PXL_20241006_143113108.MP-min-768x577.webp\" alt=\"\" \/><\/figure><\/a><\/div><div class=\"swiper-slide\" role=\"group\" aria-roledescription=\"slide\" aria-label=\"6 de 6\"><a data-elementor-open-lightbox=\"yes\" data-elementor-lightbox-slideshow=\"37d066f\" data-elementor-lightbox-title=\"PXL_20241004_190414894.MP-min\" data-e-action-hash=\"#elementor-action%3Aaction%3Dlightbox%26settings%3DeyJpZCI6ODE0LCJ1cmwiOiJodHRwczpcL1wvdGVjaGxhYjIwMjQudGlweWVuYWNjaW9uLm5ldFwvd3AtY29udGVudFwvdXBsb2Fkc1wvMjAyNFwvMTBcL1BYTF8yMDI0MTAwNF8xOTA0MTQ4OTQuTVAtbWluLXNjYWxlZC53ZWJwIiwic2xpZGVzaG93IjoiMzdkMDY2ZiJ9\" href=\"https:\/\/techlab2024.tipyenaccion.net\/wp-content\/uploads\/2024\/10\/PXL_20241004_190414894.MP-min-scaled.webp\"><figure class=\"swiper-slide-inner\"><img decoding=\"async\" class=\"swiper-slide-image\" src=\"https:\/\/techlab2024.tipyenaccion.net\/wp-content\/uploads\/2024\/10\/PXL_20241004_190414894.MP-min-scaled.webp\" alt=\"\" \/><\/figure><\/a><\/div>\t\t\t<\/div>\n\t\t\t\t\t\t\t\t\t\t\t\t<div class=\"elementor-swiper-button elementor-swiper-button-prev\" role=\"button\" tabindex=\"0\">\n\t\t\t\t\t\t<svg aria-hidden=\"true\" class=\"e-font-icon-svg e-eicon-chevron-left\" viewBox=\"0 0 1000 1000\" xmlns=\"http:\/\/www.w3.org\/2000\/svg\"><path d=\"M646 125C629 125 613 133 604 142L308 442C296 454 292 471 292 487 292 504 296 521 308 533L604 854C617 867 629 875 646 875 663 875 679 871 692 858 704 846 713 829 713 812 713 796 708 779 692 767L438 487 692 225C700 217 708 204 708 187 708 171 704 154 692 142 675 129 663 125 646 125Z\"><\/path><\/svg>\t\t\t\t\t<\/div>\n\t\t\t\t\t<div class=\"elementor-swiper-button elementor-swiper-button-next\" role=\"button\" tabindex=\"0\">\n\t\t\t\t\t\t<svg aria-hidden=\"true\" class=\"e-font-icon-svg e-eicon-chevron-right\" viewBox=\"0 0 1000 1000\" xmlns=\"http:\/\/www.w3.org\/2000\/svg\"><path d=\"M696 533C708 521 713 504 713 487 713 471 708 454 696 446L400 146C388 133 375 125 354 125 338 125 325 129 313 142 300 154 292 171 292 187 292 204 296 221 308 233L563 492 304 771C292 783 288 800 288 817 288 833 296 850 308 863 321 871 338 875 354 875 371 875 388 867 400 854L696 533Z\"><\/path><\/svg>\t\t\t\t\t<\/div>\n\t\t\t\t\n\t\t\t\t\t\t\t\t\t<div class=\"swiper-pagination\"><\/div>\n\t\t\t\t\t\t\t\t\t<\/div>\n\t\t\t\t<\/div>\n\t\t\t\t<\/div>\n\t\t\t\t\t<\/div>\n\t\t\t\t<\/div>\n\t\t\t\t<\/div>\n\t\t","protected":false},"excerpt":{"rendered":"<p>Los mundos Mural en Casa Blanca &#8211; Paysand\u00fa &#8211; Uruguay. 2024. En el marco del fin de semana del Patrimonio, la Escuela N\u00ba 21 de Casa Blanca llev\u00f3 adelante la restauraci\u00f3n del mural que ocupa la fachada de su edificio. Desde el a\u00f1o 2013 el mural \u201cEl mundo\u201d da color y alegr\u00eda, convirti\u00e9ndose en Patrimonio [&hellip;]<\/p>\n","protected":false},"author":1,"featured_media":0,"parent":0,"menu_order":0,"comment_status":"closed","ping_status":"closed","template":"page-templates\/pagebuilder.php","meta":{"zakra_sidebar_layout":"customizer","zakra_remove_content_margin":false,"zakra_sidebar":"customizer","zakra_transparent_header":"customizer","zakra_logo":0,"zakra_main_header_style":"default","zakra_menu_item_color":"","zakra_menu_item_hover_color":"","zakra_menu_item_active_color":"","zakra_menu_active_style":"zakra_menu_active_style","zakra_page_header":true,"footnotes":""},"class_list":["post-863","page","type-page","status-publish","hentry"],"_links":{"self":[{"href":"https:\/\/techlab2024.tipyenaccion.net\/index.php?rest_route=\/wp\/v2\/pages\/863","targetHints":{"allow":["GET"]}}],"collection":[{"href":"https:\/\/techlab2024.tipyenaccion.net\/index.php?rest_route=\/wp\/v2\/pages"}],"about":[{"href":"https:\/\/techlab2024.tipyenaccion.net\/index.php?rest_route=\/wp\/v2\/types\/page"}],"author":[{"embeddable":true,"href":"https:\/\/techlab2024.tipyenaccion.net\/index.php?rest_route=\/wp\/v2\/users\/1"}],"replies":[{"embeddable":true,"href":"https:\/\/techlab2024.tipyenaccion.net\/index.php?rest_route=%2Fwp%2Fv2%2Fcomments&post=863"}],"version-history":[{"count":26,"href":"https:\/\/techlab2024.tipyenaccion.net\/index.php?rest_route=\/wp\/v2\/pages\/863\/revisions"}],"predecessor-version":[{"id":1015,"href":"https:\/\/techlab2024.tipyenaccion.net\/index.php?rest_route=\/wp\/v2\/pages\/863\/revisions\/1015"}],"wp:attachment":[{"href":"https:\/\/techlab2024.tipyenaccion.net\/index.php?rest_route=%2Fwp%2Fv2%2Fmedia&parent=863"}],"curies":[{"name":"wp","href":"https:\/\/api.w.org\/{rel}","templated":true}]}}